{"id":211,"date":"2021-12-22T11:35:40","date_gmt":"2021-12-22T09:35:40","guid":{"rendered":"https:\/\/unic.studio\/?post_type=product&#038;p=211"},"modified":"2022-03-30T15:04:23","modified_gmt":"2022-03-30T13:04:23","slug":"etui-ochelari","status":"publish","type":"product","link":"https:\/\/unic.studio\/?product=etui-ochelari","title":{"rendered":"Etui Ochelari"},"content":{"rendered":"","protected":false},"excerpt":{"rendered":"<p>Creat din piele de vi\u021bel, t\u0103b\u0103cit\u0103 vegetal \u0219i vopsit\u0103 manual.<\/p>\n","protected":false},"featured_media":157,"comment_status":"open","ping_status":"closed","template":"","meta":[],"product_cat":[19],"product_tag":[],"class_list":{"0":"post-211","1":"product","2":"type-product","3":"status-publish","4":"has-post-thumbnail","6":"product_cat-accesorii","8":"first","9":"outofstock","10":"shipping-taxable","11":"product-type-simple"},"yoast_head":"<!-- This site is optimized with the Yoast SEO plugin v18.3 - https:\/\/yoast.com\/wordpress\/plugins\/seo\/ -->\n<title>Etui Ochelari - U\u0418iC Artizan<\/title>\n<meta name=\"description\" content=\"Un etui ochelari este foarte important pentru noi, purt\u0103torii. Avem nevoie s\u0103 ne protej\u0103m lentilele iar UNiC te poate ajuta!\" \/>\n<meta name=\"robots\" content=\"index, follow, max-snippet:-1, max-image-preview:large, max-video-preview:-1\" \/>\n<link rel=\"canonical\" href=\"https:\/\/unic.studio\/?product=etui-ochelari\" \/>\n<meta property=\"og:locale\" content=\"ro_RO\" \/>\n<meta property=\"og:type\" content=\"article\" \/>\n<meta property=\"og:title\" content=\"Etui Ochelari - U\u0418iC Artizan\" \/>\n<meta property=\"og:description\" content=\"Un etui ochelari este foarte important pentru noi, purt\u0103torii. Avem nevoie s\u0103 ne protej\u0103m lentilele iar UNiC te poate ajuta!\" \/>\n<meta property=\"og:url\" content=\"https:\/\/unic.studio\/?product=etui-ochelari\" \/>\n<meta property=\"og:site_name\" content=\"U\u0418iC Artizan\" \/>\n<meta property=\"article:modified_time\" content=\"2022-03-30T13:04:23+00:00\" \/>\n<meta property=\"og:image\" content=\"https:\/\/unic.studio\/wp-content\/uploads\/2021\/12\/6-1.jpg\" \/>\n\t<meta property=\"og:image:width\" content=\"1134\" \/>\n\t<meta property=\"og:image:height\" content=\"2016\" \/>\n\t<meta property=\"og:image:type\" content=\"image\/jpeg\" \/>\n<meta name=\"twitter:card\" content=\"summary_large_image\" \/>\n<script type=\"application\/ld+json\" class=\"yoast-schema-graph\">{\"@context\":\"https:\/\/schema.org\",\"@graph\":[{\"@type\":\"WebSite\",\"@id\":\"https:\/\/unic.studio\/#website\",\"url\":\"https:\/\/unic.studio\/\",\"name\":\"U\u0418iC Artizan\",\"description\":\"Tr\u0103ie\u0219te-\u021bi EMO\u021aIA!\",\"potentialAction\":[{\"@type\":\"SearchAction\",\"target\":{\"@type\":\"EntryPoint\",\"urlTemplate\":\"https:\/\/unic.studio\/?s={search_term_string}\"},\"query-input\":\"required name=search_term_string\"}],\"inLanguage\":\"ro-RO\"},{\"@type\":\"ImageObject\",\"@id\":\"https:\/\/unic.studio\/?product=etui-ochelari#primaryimage\",\"inLanguage\":\"ro-RO\",\"url\":\"https:\/\/unic.studio\/wp-content\/uploads\/2021\/12\/6-1.jpg\",\"contentUrl\":\"https:\/\/unic.studio\/wp-content\/uploads\/2021\/12\/6-1.jpg\",\"width\":1134,\"height\":2016,\"caption\":\"etui ochelari\"},{\"@type\":\"WebPage\",\"@id\":\"https:\/\/unic.studio\/?product=etui-ochelari#webpage\",\"url\":\"https:\/\/unic.studio\/?product=etui-ochelari\",\"name\":\"Etui Ochelari - U\u0418iC Artizan\",\"isPartOf\":{\"@id\":\"https:\/\/unic.studio\/#website\"},\"primaryImageOfPage\":{\"@id\":\"https:\/\/unic.studio\/?product=etui-ochelari#primaryimage\"},\"datePublished\":\"2021-12-22T09:35:40+00:00\",\"dateModified\":\"2022-03-30T13:04:23+00:00\",\"description\":\"Un etui ochelari este foarte important pentru noi, purt\u0103torii. Avem nevoie s\u0103 ne protej\u0103m lentilele iar UNiC te poate ajuta!\",\"breadcrumb\":{\"@id\":\"https:\/\/unic.studio\/?product=etui-ochelari#breadcrumb\"},\"inLanguage\":\"ro-RO\",\"potentialAction\":[{\"@type\":\"ReadAction\",\"target\":[\"https:\/\/unic.studio\/?product=etui-ochelari\"]}]},{\"@type\":\"BreadcrumbList\",\"@id\":\"https:\/\/unic.studio\/?product=etui-ochelari#breadcrumb\",\"itemListElement\":[{\"@type\":\"ListItem\",\"position\":1,\"name\":\"Prima pagin\u0103\",\"item\":\"https:\/\/unic.studio\/\"},{\"@type\":\"ListItem\",\"position\":2,\"name\":\"Shop\",\"item\":\"https:\/\/unic.studio\/?page_id=115\"},{\"@type\":\"ListItem\",\"position\":3,\"name\":\"Etui Ochelari\"}]}]}<\/script>\n<!-- \/ Yoast SEO plugin. -->","yoast_head_json":{"title":"Etui Ochelari - U\u0418iC Artizan","description":"Un etui ochelari este foarte important pentru noi, purt\u0103torii. Avem nevoie s\u0103 ne protej\u0103m lentilele iar UNiC te poate ajuta!","robots":{"index":"index","follow":"follow","max-snippet":"max-snippet:-1","max-image-preview":"max-image-preview:large","max-video-preview":"max-video-preview:-1"},"canonical":"https:\/\/unic.studio\/?product=etui-ochelari","og_locale":"ro_RO","og_type":"article","og_title":"Etui Ochelari - U\u0418iC Artizan","og_description":"Un etui ochelari este foarte important pentru noi, purt\u0103torii. Avem nevoie s\u0103 ne protej\u0103m lentilele iar UNiC te poate ajuta!","og_url":"https:\/\/unic.studio\/?product=etui-ochelari","og_site_name":"U\u0418iC Artizan","article_modified_time":"2022-03-30T13:04:23+00:00","og_image":[{"width":1134,"height":2016,"url":"https:\/\/unic.studio\/wp-content\/uploads\/2021\/12\/6-1.jpg","type":"image\/jpeg"}],"twitter_card":"summary_large_image","schema":{"@context":"https:\/\/schema.org","@graph":[{"@type":"WebSite","@id":"https:\/\/unic.studio\/#website","url":"https:\/\/unic.studio\/","name":"U\u0418iC Artizan","description":"Tr\u0103ie\u0219te-\u021bi EMO\u021aIA!","potentialAction":[{"@type":"SearchAction","target":{"@type":"EntryPoint","urlTemplate":"https:\/\/unic.studio\/?s={search_term_string}"},"query-input":"required name=search_term_string"}],"inLanguage":"ro-RO"},{"@type":"ImageObject","@id":"https:\/\/unic.studio\/?product=etui-ochelari#primaryimage","inLanguage":"ro-RO","url":"https:\/\/unic.studio\/wp-content\/uploads\/2021\/12\/6-1.jpg","contentUrl":"https:\/\/unic.studio\/wp-content\/uploads\/2021\/12\/6-1.jpg","width":1134,"height":2016,"caption":"etui ochelari"},{"@type":"WebPage","@id":"https:\/\/unic.studio\/?product=etui-ochelari#webpage","url":"https:\/\/unic.studio\/?product=etui-ochelari","name":"Etui Ochelari - U\u0418iC Artizan","isPartOf":{"@id":"https:\/\/unic.studio\/#website"},"primaryImageOfPage":{"@id":"https:\/\/unic.studio\/?product=etui-ochelari#primaryimage"},"datePublished":"2021-12-22T09:35:40+00:00","dateModified":"2022-03-30T13:04:23+00:00","description":"Un etui ochelari este foarte important pentru noi, purt\u0103torii. Avem nevoie s\u0103 ne protej\u0103m lentilele iar UNiC te poate ajuta!","breadcrumb":{"@id":"https:\/\/unic.studio\/?product=etui-ochelari#breadcrumb"},"inLanguage":"ro-RO","potentialAction":[{"@type":"ReadAction","target":["https:\/\/unic.studio\/?product=etui-ochelari"]}]},{"@type":"BreadcrumbList","@id":"https:\/\/unic.studio\/?product=etui-ochelari#breadcrumb","itemListElement":[{"@type":"ListItem","position":1,"name":"Prima pagin\u0103","item":"https:\/\/unic.studio\/"},{"@type":"ListItem","position":2,"name":"Shop","item":"https:\/\/unic.studio\/?page_id=115"},{"@type":"ListItem","position":3,"name":"Etui Ochelari"}]}]}},"_links":{"self":[{"href":"https:\/\/unic.studio\/index.php?rest_route=\/wp\/v2\/product\/211"}],"collection":[{"href":"https:\/\/unic.studio\/index.php?rest_route=\/wp\/v2\/product"}],"about":[{"href":"https:\/\/unic.studio\/index.php?rest_route=\/wp\/v2\/types\/product"}],"replies":[{"embeddable":true,"href":"https:\/\/unic.studio\/index.php?rest_route=%2Fwp%2Fv2%2Fcomments&post=211"}],"wp:featuredmedia":[{"embeddable":true,"href":"https:\/\/unic.studio\/index.php?rest_route=\/wp\/v2\/media\/157"}],"wp:attachment":[{"href":"https:\/\/unic.studio\/index.php?rest_route=%2Fwp%2Fv2%2Fmedia&parent=211"}],"wp:term":[{"taxonomy":"product_cat","embeddable":true,"href":"https:\/\/unic.studio\/index.php?rest_route=%2Fwp%2Fv2%2Fproduct_cat&post=211"},{"taxonomy":"product_tag","embeddable":true,"href":"https:\/\/unic.studio\/index.php?rest_route=%2Fwp%2Fv2%2Fproduct_tag&post=211"}],"curies":[{"name":"wp","href":"https:\/\/api.w.org\/{rel}","templated":true}]}}